{"id":34,"date":"2024-01-23T11:26:43","date_gmt":"2024-01-23T11:26:43","guid":{"rendered":"https:\/\/foxinaboxgames.com\/mexico-city\/?page_id=34"},"modified":"2026-03-26T02:32:34","modified_gmt":"2026-03-26T08:32:34","slug":"gift-cards","status":"publish","type":"page","link":"https:\/\/foxinabox.mx\/en\/gift-cards\/","title":{"rendered":"Gift Cards"},"content":{"rendered":"<div class=\"wp-block-group alignfull has-global-padding is-layout-constrained wp-block-group-is-layout-constrained\" style=\"margin-top:0;margin-bottom:0\">\n<div class=\"wp-block-cover alignfull is-light\"><img decoding=\"async\" width=\"2000\" height=\"493\" class=\"wp-block-cover__image-background wp-image-906\" alt=\"Rinc\u00f3n de escape en vivo con tem\u00e1tica moderna en Ciudad de M\u00e9xico.\" src=\"https:\/\/foxinaboxgames.com\/mexico-city\/wp-content\/uploads\/sites\/14\/2024\/02\/gift-card.jpg\" data-object-fit=\"cover\" srcset=\"https:\/\/foxinabox.mx\/wp-content\/uploads\/sites\/14\/2024\/02\/gift-card.jpg 2000w, https:\/\/foxinabox.mx\/wp-content\/uploads\/sites\/14\/2024\/02\/gift-card-300x74.jpg 300w, https:\/\/foxinabox.mx\/wp-content\/uploads\/sites\/14\/2024\/02\/gift-card-1024x252.jpg 1024w, https:\/\/foxinabox.mx\/wp-content\/uploads\/sites\/14\/2024\/02\/gift-card-768x189.jpg 768w, https:\/\/foxinabox.mx\/wp-content\/uploads\/sites\/14\/2024\/02\/gift-card-1536x379.jpg 1536w, https:\/\/foxinabox.mx\/wp-content\/uploads\/sites\/14\/2024\/02\/gift-card-600x148.jpg 600w\" sizes=\"(max-width: 2000px) 100vw, 2000px\" \/><span aria-hidden=\"true\" class=\"wp-block-cover__background has-background-dim-0 has-background-dim\"><\/span><div class=\"wp-block-cover__inner-container has-global-padding is-layout-constrained wp-block-cover-is-layout-constrained\">\n<div class=\"wp-block-group alignwide has-global-padding is-layout-constrained wp-block-group-is-layout-constrained\" style=\"padding-top:var(--wp--preset--spacing--40);padding-bottom:var(--wp--preset--spacing--40)\">\n<h1 class=\"wp-block-heading alignwide has-text-align-left has-custom-white-color has-text-color has-link-color has-larger-font-size wp-elements-35dae1a6564add283dec67cd3b7b9d02\" style=\"margin-top:var(--wp--preset--spacing--30);margin-bottom:var(--wp--preset--spacing--50);line-height:0.9\">Gift Cards<\/h1>\n\n\n\n<div class=\"wp-block-columns alignwide is-layout-flex wp-container-core-columns-is-layout-f0342b05 wp-block-columns-is-layout-flex\" style=\"margin-top:0;margin-bottom:0\">\n<div class=\"wp-block-column is-layout-flow wp-block-column-is-layout-flow\" style=\"flex-basis:45%\">\n<p class=\"has-custom-white-color has-text-color has-link-color wp-elements-2a12fa190af7fdb7121cfa979ba4e6f1\" style=\"margin-top:0;margin-bottom:0\">Surprise, delight, and ignite the spirit of adventure with Fox in a Box gift cards. It\u2019s not just a gift; it\u2019s a chance to create lasting memories and share the thrill of escape.<\/p>\n<\/div>\n<\/div>\n<\/div>\n<\/div><\/div>\n<\/div>\n\n\n\n<div class=\"wp-block-group alignwide has-global-padding is-layout-constrained wp-block-group-is-layout-constrained\" style=\"padding-top:3rem;padding-bottom:5rem\">\n<div class=\"wp-block-query alignwide is-layout-flow wp-block-query-is-layout-flow\">\n<div class=\"wp-block-columns is-layout-flex wp-container-core-columns-is-layout-75386ff1 wp-block-columns-is-layout-flex\" style=\"padding-bottom:1rem\">\n<div class=\"wp-block-column is-layout-flow wp-block-column-is-layout-flow\" style=\"flex-basis:60%\">\n<h2 class=\"wp-block-heading\">Fox in a Box gift cards are your ticket to exciting experiences that go beyond the ordinary.<\/h2>\n\n\n\n<div class=\"wp-block-columns is-layout-flex wp-container-core-columns-is-layout-28f84493 wp-block-columns-is-layout-flex\">\n<div class=\"wp-block-column is-layout-flow wp-block-column-is-layout-flow\" style=\"flex-basis:80%\">\n<p>Give your loved ones, friends, or colleagues an unforgettable journey filled with puzzles, teamwork, and the joy of escaping.<\/p>\n<\/div>\n<\/div>\n<\/div>\n<\/div>\n\n\n<ul class=\"columns-4 wp-block-post-template is-layout-grid wp-container-core-post-template-is-layout-b8f9de70 wp-block-post-template-is-layout-grid\"><li class=\"wp-block-post post-15142 product type-product status-publish has-post-thumbnail product_cat-gift-cards first instock shipping-taxable purchasable product-type-variable has-default-attributes\">\n<figure class=\"alignwide wp-block-post-featured-image\"><a href=\"https:\/\/foxinabox.mx\/en\/p\/gift-cards\/custom-amount-gift-card\/\" target=\"_self\"  ><img decoding=\"async\" width=\"1000\" height=\"1216\" src=\"https:\/\/foxinabox.mx\/wp-content\/uploads\/sites\/14\/2026\/03\/gift-v1.jpg\" class=\"attachment-post-thumbnail size-post-thumbnail wp-post-image\" alt=\"Tarjeta de Regalo \u2013 MONTO ABIERTO\" style=\"object-fit:cover;\" srcset=\"https:\/\/foxinabox.mx\/wp-content\/uploads\/sites\/14\/2026\/03\/gift-v1.jpg 1000w, https:\/\/foxinabox.mx\/wp-content\/uploads\/sites\/14\/2026\/03\/gift-v1-247x300.jpg 247w, https:\/\/foxinabox.mx\/wp-content\/uploads\/sites\/14\/2026\/03\/gift-v1-842x1024.jpg 842w, https:\/\/foxinabox.mx\/wp-content\/uploads\/sites\/14\/2026\/03\/gift-v1-768x934.jpg 768w, https:\/\/foxinabox.mx\/wp-content\/uploads\/sites\/14\/2026\/03\/gift-v1-10x12.jpg 10w, https:\/\/foxinabox.mx\/wp-content\/uploads\/sites\/14\/2026\/03\/gift-v1-600x730.jpg 600w\" sizes=\"(max-width: 1000px) 100vw, 1000px\" \/><\/a><\/figure>\n\n<h2 style=\"font-style:normal;font-weight:800;\" class=\"has-text-align-center has-link-color wp-elements-10468d13f370c0f9e585dff66384003b wp-block-post-title has-small-font-size\"><a href=\"https:\/\/foxinabox.mx\/en\/p\/gift-cards\/custom-amount-gift-card\/\" target=\"_self\" >CARD CUSTOM AMOUNT<\/a><\/h2>\n\n<div data-block-name=\"woocommerce\/product-price\" data-is-descendent-of-query-loop=\"true\" data-text-align=\"center\" class=\"has-text-align-center wp-block-woocommerce-product-price\" ><div class=\"wc-block-components-product-price wc-block-grid__product-price\" >\n\t\t\t\t\t<span class=\"woocommerce-Price-amount amount\"><bdi><span class=\"price-number-only\">0.00<\/span>&nbsp;<span class=\"woocommerce-Price-currencySymbol\">MXN<\/span><\/bdi><\/span>\n\t\t\t\t<\/div><\/div>\n\n\n<div class=\"wp-block-group has-global-padding is-layout-constrained wp-block-group-is-layout-constrained\" style=\"padding-top:var(--wp--preset--spacing--20);padding-bottom:var(--wp--preset--spacing--40)\"><a class=\"wp-elements-5a1939e8b12fdd736bbf86ef77cb1a7b wp-block-read-more has-text-color has-primary-color\" href=\"https:\/\/foxinabox.mx\/en\/p\/gift-cards\/custom-amount-gift-card\/\" target=\"_self\">Buy now<span class=\"screen-reader-text\">: Tarjeta de Regalo \u2013 MONTO ABIERTO<\/span><\/a><\/div>\n\n<\/li><li class=\"wp-block-post post-1167 product type-product status-publish has-post-thumbnail product_cat-gift-cards  instock shipping-taxable purchasable product-type-variable has-default-attributes\">\n<figure class=\"alignwide wp-block-post-featured-image\"><a href=\"https:\/\/foxinabox.mx\/en\/p\/gift-cards\/card-900\/\" target=\"_self\"  ><img decoding=\"async\" width=\"1000\" height=\"1216\" src=\"https:\/\/foxinabox.mx\/wp-content\/uploads\/sites\/14\/2024\/03\/gift-v1.jpg\" class=\"attachment-post-thumbnail size-post-thumbnail wp-post-image\" alt=\"TARJETA 900\" style=\"object-fit:cover;\" srcset=\"https:\/\/foxinabox.mx\/wp-content\/uploads\/sites\/14\/2024\/03\/gift-v1.jpg 1000w, https:\/\/foxinabox.mx\/wp-content\/uploads\/sites\/14\/2024\/03\/gift-v1-247x300.jpg 247w, https:\/\/foxinabox.mx\/wp-content\/uploads\/sites\/14\/2024\/03\/gift-v1-842x1024.jpg 842w, https:\/\/foxinabox.mx\/wp-content\/uploads\/sites\/14\/2024\/03\/gift-v1-768x934.jpg 768w, https:\/\/foxinabox.mx\/wp-content\/uploads\/sites\/14\/2024\/03\/gift-v1-600x730.jpg 600w\" sizes=\"(max-width: 1000px) 100vw, 1000px\" \/><\/a><\/figure>\n\n<h2 style=\"font-style:normal;font-weight:800;\" class=\"has-text-align-center has-link-color wp-elements-10468d13f370c0f9e585dff66384003b wp-block-post-title has-small-font-size\"><a href=\"https:\/\/foxinabox.mx\/en\/p\/gift-cards\/card-900\/\" target=\"_self\" >card 900<\/a><\/h2>\n\n<div data-block-name=\"woocommerce\/product-price\" data-is-descendent-of-query-loop=\"true\" data-text-align=\"center\" class=\"has-text-align-center wp-block-woocommerce-product-price\" ><div class=\"wc-block-components-product-price wc-block-grid__product-price\" >\n\t\t\t\t\t<span class=\"woocommerce-Price-amount amount\"><bdi><span class=\"price-number-only\">900.00<\/span>&nbsp;<span class=\"woocommerce-Price-currencySymbol\">MXN<\/span><\/bdi><\/span>\n\t\t\t\t<\/div><\/div>\n\n\n<div class=\"wp-block-group has-global-padding is-layout-constrained wp-block-group-is-layout-constrained\" style=\"padding-top:var(--wp--preset--spacing--20);padding-bottom:var(--wp--preset--spacing--40)\"><a class=\"wp-elements-5a1939e8b12fdd736bbf86ef77cb1a7b wp-block-read-more has-text-color has-primary-color\" href=\"https:\/\/foxinabox.mx\/en\/p\/gift-cards\/card-900\/\" target=\"_self\">Buy now<span class=\"screen-reader-text\">: TARJETA 900<\/span><\/a><\/div>\n\n<\/li><li class=\"wp-block-post post-1194 product type-product status-publish has-post-thumbnail product_cat-gift-cards  instock shipping-taxable purchasable product-type-variable has-default-attributes\">\n<figure class=\"alignwide wp-block-post-featured-image\"><a href=\"https:\/\/foxinabox.mx\/en\/p\/gift-cards\/card-1200\/\" target=\"_self\"  ><img decoding=\"async\" width=\"1432\" height=\"1742\" src=\"https:\/\/foxinabox.mx\/wp-content\/uploads\/sites\/14\/2024\/03\/gift-v2.jpg\" class=\"attachment-post-thumbnail size-post-thumbnail wp-post-image\" alt=\"TARJETA 1200\" style=\"object-fit:cover;\" srcset=\"https:\/\/foxinabox.mx\/wp-content\/uploads\/sites\/14\/2024\/03\/gift-v2.jpg 1432w, https:\/\/foxinabox.mx\/wp-content\/uploads\/sites\/14\/2024\/03\/gift-v2-247x300.jpg 247w, https:\/\/foxinabox.mx\/wp-content\/uploads\/sites\/14\/2024\/03\/gift-v2-842x1024.jpg 842w, https:\/\/foxinabox.mx\/wp-content\/uploads\/sites\/14\/2024\/03\/gift-v2-768x934.jpg 768w, https:\/\/foxinabox.mx\/wp-content\/uploads\/sites\/14\/2024\/03\/gift-v2-1263x1536.jpg 1263w, https:\/\/foxinabox.mx\/wp-content\/uploads\/sites\/14\/2024\/03\/gift-v2-600x730.jpg 600w\" sizes=\"(max-width: 1432px) 100vw, 1432px\" \/><\/a><\/figure>\n\n<h2 style=\"font-style:normal;font-weight:800;\" class=\"has-text-align-center has-link-color wp-elements-10468d13f370c0f9e585dff66384003b wp-block-post-title has-small-font-size\"><a href=\"https:\/\/foxinabox.mx\/en\/p\/gift-cards\/card-1200\/\" target=\"_self\" >card 1200<\/a><\/h2>\n\n<div data-block-name=\"woocommerce\/product-price\" data-is-descendent-of-query-loop=\"true\" data-text-align=\"center\" class=\"has-text-align-center wp-block-woocommerce-product-price\" ><div class=\"wc-block-components-product-price wc-block-grid__product-price\" >\n\t\t\t\t\t<span class=\"woocommerce-Price-amount amount\"><bdi><span class=\"price-number-only\">1200.00<\/span>&nbsp;<span class=\"woocommerce-Price-currencySymbol\">MXN<\/span><\/bdi><\/span>\n\t\t\t\t<\/div><\/div>\n\n\n<div class=\"wp-block-group has-global-padding is-layout-constrained wp-block-group-is-layout-constrained\" style=\"padding-top:var(--wp--preset--spacing--20);padding-bottom:var(--wp--preset--spacing--40)\"><a class=\"wp-elements-5a1939e8b12fdd736bbf86ef77cb1a7b wp-block-read-more has-text-color has-primary-color\" href=\"https:\/\/foxinabox.mx\/en\/p\/gift-cards\/card-1200\/\" target=\"_self\">Buy now<span class=\"screen-reader-text\">: TARJETA 1200<\/span><\/a><\/div>\n\n<\/li><li class=\"wp-block-post post-1200 product type-product status-publish has-post-thumbnail product_cat-gift-cards last instock shipping-taxable purchasable product-type-variable has-default-attributes\">\n<figure class=\"alignwide wp-block-post-featured-image\"><a href=\"https:\/\/foxinabox.mx\/en\/p\/gift-cards\/card-1600\/\" target=\"_self\"  ><img decoding=\"async\" width=\"1432\" height=\"1742\" src=\"https:\/\/foxinabox.mx\/wp-content\/uploads\/sites\/14\/2024\/03\/gift-v3.jpg\" class=\"attachment-post-thumbnail size-post-thumbnail wp-post-image\" alt=\"TARJETA 1600\" style=\"object-fit:cover;\" srcset=\"https:\/\/foxinabox.mx\/wp-content\/uploads\/sites\/14\/2024\/03\/gift-v3.jpg 1432w, https:\/\/foxinabox.mx\/wp-content\/uploads\/sites\/14\/2024\/03\/gift-v3-247x300.jpg 247w, https:\/\/foxinabox.mx\/wp-content\/uploads\/sites\/14\/2024\/03\/gift-v3-842x1024.jpg 842w, https:\/\/foxinabox.mx\/wp-content\/uploads\/sites\/14\/2024\/03\/gift-v3-768x934.jpg 768w, https:\/\/foxinabox.mx\/wp-content\/uploads\/sites\/14\/2024\/03\/gift-v3-1263x1536.jpg 1263w, https:\/\/foxinabox.mx\/wp-content\/uploads\/sites\/14\/2024\/03\/gift-v3-600x730.jpg 600w\" sizes=\"(max-width: 1432px) 100vw, 1432px\" \/><\/a><\/figure>\n\n<h2 style=\"font-style:normal;font-weight:800;\" class=\"has-text-align-center has-link-color wp-elements-10468d13f370c0f9e585dff66384003b wp-block-post-title has-small-font-size\"><a href=\"https:\/\/foxinabox.mx\/en\/p\/gift-cards\/card-1600\/\" target=\"_self\" >card 1600<\/a><\/h2>\n\n<div data-block-name=\"woocommerce\/product-price\" data-is-descendent-of-query-loop=\"true\" data-text-align=\"center\" class=\"has-text-align-center wp-block-woocommerce-product-price\" ><div class=\"wc-block-components-product-price wc-block-grid__product-price\" >\n\t\t\t\t\t<span class=\"woocommerce-Price-amount amount\"><bdi><span class=\"price-number-only\">1600.00<\/span>&nbsp;<span class=\"woocommerce-Price-currencySymbol\">MXN<\/span><\/bdi><\/span>\n\t\t\t\t<\/div><\/div>\n\n\n<div class=\"wp-block-group has-global-padding is-layout-constrained wp-block-group-is-layout-constrained\" style=\"padding-top:var(--wp--preset--spacing--20);padding-bottom:var(--wp--preset--spacing--40)\"><a class=\"wp-elements-5a1939e8b12fdd736bbf86ef77cb1a7b wp-block-read-more has-text-color has-primary-color\" href=\"https:\/\/foxinabox.mx\/en\/p\/gift-cards\/card-1600\/\" target=\"_self\">Buy now<span class=\"screen-reader-text\">: TARJETA 1600<\/span><\/a><\/div>\n\n<\/li><li class=\"wp-block-post post-1202 product type-product status-publish has-post-thumbnail product_cat-gift-cards first instock shipping-taxable purchasable product-type-variable has-default-attributes\">\n<figure class=\"alignwide wp-block-post-featured-image\"><a href=\"https:\/\/foxinabox.mx\/en\/p\/gift-cards\/card-2000\/\" target=\"_self\"  ><img decoding=\"async\" width=\"1432\" height=\"1742\" src=\"https:\/\/foxinabox.mx\/wp-content\/uploads\/sites\/14\/2024\/03\/gift-v4.jpg\" class=\"attachment-post-thumbnail size-post-thumbnail wp-post-image\" alt=\"TARJETA 2000\" style=\"object-fit:cover;\" srcset=\"https:\/\/foxinabox.mx\/wp-content\/uploads\/sites\/14\/2024\/03\/gift-v4.jpg 1432w, https:\/\/foxinabox.mx\/wp-content\/uploads\/sites\/14\/2024\/03\/gift-v4-247x300.jpg 247w, https:\/\/foxinabox.mx\/wp-content\/uploads\/sites\/14\/2024\/03\/gift-v4-842x1024.jpg 842w, https:\/\/foxinabox.mx\/wp-content\/uploads\/sites\/14\/2024\/03\/gift-v4-768x934.jpg 768w, https:\/\/foxinabox.mx\/wp-content\/uploads\/sites\/14\/2024\/03\/gift-v4-1263x1536.jpg 1263w, https:\/\/foxinabox.mx\/wp-content\/uploads\/sites\/14\/2024\/03\/gift-v4-600x730.jpg 600w\" sizes=\"(max-width: 1432px) 100vw, 1432px\" \/><\/a><\/figure>\n\n<h2 style=\"font-style:normal;font-weight:800;\" class=\"has-text-align-center has-link-color wp-elements-10468d13f370c0f9e585dff66384003b wp-block-post-title has-small-font-size\"><a href=\"https:\/\/foxinabox.mx\/en\/p\/gift-cards\/card-2000\/\" target=\"_self\" >card 2000<\/a><\/h2>\n\n<div data-block-name=\"woocommerce\/product-price\" data-is-descendent-of-query-loop=\"true\" data-text-align=\"center\" class=\"has-text-align-center wp-block-woocommerce-product-price\" ><div class=\"wc-block-components-product-price wc-block-grid__product-price\" >\n\t\t\t\t\t<span class=\"woocommerce-Price-amount amount\"><bdi><span class=\"price-number-only\">2000.00<\/span>&nbsp;<span class=\"woocommerce-Price-currencySymbol\">MXN<\/span><\/bdi><\/span>\n\t\t\t\t<\/div><\/div>\n\n\n<div class=\"wp-block-group has-global-padding is-layout-constrained wp-block-group-is-layout-constrained\" style=\"padding-top:var(--wp--preset--spacing--20);padding-bottom:var(--wp--preset--spacing--40)\"><a class=\"wp-elements-5a1939e8b12fdd736bbf86ef77cb1a7b wp-block-read-more has-text-color has-primary-color\" href=\"https:\/\/foxinabox.mx\/en\/p\/gift-cards\/card-2000\/\" target=\"_self\">Buy now<span class=\"screen-reader-text\">: TARJETA 2000<\/span><\/a><\/div>\n\n<\/li><li class=\"wp-block-post post-1204 product type-product status-publish has-post-thumbnail product_cat-gift-cards  instock shipping-taxable purchasable product-type-variable has-default-attributes\">\n<figure class=\"alignwide wp-block-post-featured-image\"><a href=\"https:\/\/foxinabox.mx\/en\/p\/gift-cards\/card-2400\/\" target=\"_self\"  ><img decoding=\"async\" width=\"1432\" height=\"1742\" src=\"https:\/\/foxinabox.mx\/wp-content\/uploads\/sites\/14\/2024\/03\/gift-v5.jpg\" class=\"attachment-post-thumbnail size-post-thumbnail wp-post-image\" alt=\"TARJETA 2400\" style=\"object-fit:cover;\" srcset=\"https:\/\/foxinabox.mx\/wp-content\/uploads\/sites\/14\/2024\/03\/gift-v5.jpg 1432w, https:\/\/foxinabox.mx\/wp-content\/uploads\/sites\/14\/2024\/03\/gift-v5-247x300.jpg 247w, https:\/\/foxinabox.mx\/wp-content\/uploads\/sites\/14\/2024\/03\/gift-v5-842x1024.jpg 842w, https:\/\/foxinabox.mx\/wp-content\/uploads\/sites\/14\/2024\/03\/gift-v5-768x934.jpg 768w, https:\/\/foxinabox.mx\/wp-content\/uploads\/sites\/14\/2024\/03\/gift-v5-1263x1536.jpg 1263w, https:\/\/foxinabox.mx\/wp-content\/uploads\/sites\/14\/2024\/03\/gift-v5-600x730.jpg 600w\" sizes=\"(max-width: 1432px) 100vw, 1432px\" \/><\/a><\/figure>\n\n<h2 style=\"font-style:normal;font-weight:800;\" class=\"has-text-align-center has-link-color wp-elements-10468d13f370c0f9e585dff66384003b wp-block-post-title has-small-font-size\"><a href=\"https:\/\/foxinabox.mx\/en\/p\/gift-cards\/card-2400\/\" target=\"_self\" >card 2400<\/a><\/h2>\n\n<div data-block-name=\"woocommerce\/product-price\" data-is-descendent-of-query-loop=\"true\" data-text-align=\"center\" class=\"has-text-align-center wp-block-woocommerce-product-price\" ><div class=\"wc-block-components-product-price wc-block-grid__product-price\" >\n\t\t\t\t\t<span class=\"woocommerce-Price-amount amount\"><bdi><span class=\"price-number-only\">2400.00<\/span>&nbsp;<span class=\"woocommerce-Price-currencySymbol\">MXN<\/span><\/bdi><\/span>\n\t\t\t\t<\/div><\/div>\n\n\n<div class=\"wp-block-group has-global-padding is-layout-constrained wp-block-group-is-layout-constrained\" style=\"padding-top:var(--wp--preset--spacing--20);padding-bottom:var(--wp--preset--spacing--40)\"><a class=\"wp-elements-5a1939e8b12fdd736bbf86ef77cb1a7b wp-block-read-more has-text-color has-primary-color\" href=\"https:\/\/foxinabox.mx\/en\/p\/gift-cards\/card-2400\/\" target=\"_self\">Buy now<span class=\"screen-reader-text\">: TARJETA 2400<\/span><\/a><\/div>\n\n<\/li><\/ul><\/div>\n<\/div>","protected":false},"excerpt":{"rendered":"","protected":false},"author":4,"featured_media":0,"parent":0,"menu_order":0,"comment_status":"closed","ping_status":"closed","template":"","meta":{"_sitemap_exclude":false,"_sitemap_priority":"","_sitemap_frequency":"","footnotes":""},"class_list":["post-34","page","type-page","status-publish","hentry"],"_links":{"self":[{"href":"https:\/\/foxinabox.mx\/en\/wp-json\/wp\/v2\/pages\/34","targetHints":{"allow":["GET"]}}],"collection":[{"href":"https:\/\/foxinabox.mx\/en\/wp-json\/wp\/v2\/pages"}],"about":[{"href":"https:\/\/foxinabox.mx\/en\/wp-json\/wp\/v2\/types\/page"}],"author":[{"embeddable":true,"href":"https:\/\/foxinabox.mx\/en\/wp-json\/wp\/v2\/users\/4"}],"replies":[{"embeddable":true,"href":"https:\/\/foxinabox.mx\/en\/wp-json\/wp\/v2\/comments?post=34"}],"version-history":[{"count":14,"href":"https:\/\/foxinabox.mx\/en\/wp-json\/wp\/v2\/pages\/34\/revisions"}],"predecessor-version":[{"id":15311,"href":"https:\/\/foxinabox.mx\/en\/wp-json\/wp\/v2\/pages\/34\/revisions\/15311"}],"wp:attachment":[{"href":"https:\/\/foxinabox.mx\/en\/wp-json\/wp\/v2\/media?parent=34"}],"curies":[{"name":"wp","href":"https:\/\/api.w.org\/{rel}","templated":true}]}}